{"id":140,"date":"2020-02-21T15:22:11","date_gmt":"2020-02-21T15:22:11","guid":{"rendered":"http:\/\/www.david-diaby-medium-voyant.com\/home\/"},"modified":"2024-06-14T14:37:13","modified_gmt":"2024-06-14T12:37:13","slug":"home","status":"publish","type":"page","link":"https:\/\/www.david-diaby-medium-voyant.com\/ch\/","title":{"rendered":"Home"},"content":{"rendered":"","protected":false},"excerpt":{"rendered":"","protected":false},"author":1,"featured_media":0,"parent":0,"menu_order":0,"comment_status":"closed","ping_status":"closed","template":"","meta":{"footnotes":""},"class_list":["post-140","page","type-page","status-publish","hentry"],"yoast_head":"<!-- This site is optimized with the Yoast SEO plugin v24.7 - https:\/\/yoast.com\/wordpress\/plugins\/seo\/ -->\n<title>Grand Voyant Medium - Sp\u00e9cialiste du Retour Affectif - David Diaby<\/title>\n<meta name=\"description\" content=\"Je suis issue d&#039;une longue lign\u00e9e de gu\u00e9risseurs-voyants- m\u00e9diums venant d&#039;Afrique. Sp\u00e9cialiste retour affectif \/ retour \u00eatre aim\u00e9.\" \/>\n<meta name=\"robots\" content=\"index, follow, max-snippet:-1, max-image-preview:large, max-video-preview:-1\" \/>\n<link rel=\"canonical\" href=\"https:\/\/www.david-diaby-medium-voyant.com\/ch\/\" \/>\n<meta property=\"og:locale\" content=\"fr_FR\" \/>\n<meta property=\"og:type\" content=\"article\" \/>\n<meta property=\"og:title\" content=\"Grand Voyant Medium - Sp\u00e9cialiste du Retour Affectif - David Diaby\" \/>\n<meta property=\"og:description\" content=\"Je suis issue d&#039;une longue lign\u00e9e de gu\u00e9risseurs-voyants- m\u00e9diums venant d&#039;Afrique. Sp\u00e9cialiste retour affectif \/ retour \u00eatre aim\u00e9.\" \/>\n<meta property=\"og:url\" content=\"https:\/\/www.david-diaby-medium-voyant.com\/ch\/\" \/>\n<meta property=\"og:site_name\" content=\"David Diaby Medium Voyant\" \/>\n<meta property=\"article:modified_time\" content=\"2024-06-14T12:37:13+00:00\" \/>\n<meta name=\"twitter:card\" content=\"summary_large_image\" \/>\n<script type=\"application\/ld+json\" class=\"yoast-schema-graph\">{\"@context\":\"https:\/\/schema.org\",\"@graph\":[{\"@type\":\"WebPage\",\"@id\":\"https:\/\/www.david-diaby-medium-voyant.com\/ch\/\",\"url\":\"https:\/\/www.david-diaby-medium-voyant.com\/ch\/\",\"name\":\"Grand Voyant Medium - Sp\u00e9cialiste du Retour Affectif - David Diaby\",\"isPartOf\":{\"@id\":\"https:\/\/www.david-diaby-medium-voyant.com\/#website\"},\"datePublished\":\"2020-02-21T15:22:11+00:00\",\"dateModified\":\"2024-06-14T12:37:13+00:00\",\"description\":\"Je suis issue d'une longue lign\u00e9e de gu\u00e9risseurs-voyants- m\u00e9diums venant d'Afrique. Sp\u00e9cialiste retour affectif \/ retour \u00eatre aim\u00e9.\",\"breadcrumb\":{\"@id\":\"https:\/\/www.david-diaby-medium-voyant.com\/ch\/#breadcrumb\"},\"inLanguage\":\"fr-ch\",\"potentialAction\":[{\"@type\":\"ReadAction\",\"target\":[\"https:\/\/www.david-diaby-medium-voyant.com\/ch\/\"]}]},{\"@type\":\"BreadcrumbList\",\"@id\":\"https:\/\/www.david-diaby-medium-voyant.com\/ch\/#breadcrumb\",\"itemListElement\":[{\"@type\":\"ListItem\",\"position\":1,\"name\":\"Accueil\",\"item\":\"https:\/\/www.david-diaby-medium-voyant.com\/ch\/\"},{\"@type\":\"ListItem\",\"position\":2,\"name\":\"-2811\"}]},{\"@type\":\"WebSite\",\"@id\":\"https:\/\/www.david-diaby-medium-voyant.com\/#website\",\"url\":\"https:\/\/www.david-diaby-medium-voyant.com\/\",\"name\":\"David Diaby Medium Voyant\",\"description\":\"\",\"potentialAction\":[{\"@type\":\"SearchAction\",\"target\":{\"@type\":\"EntryPoint\",\"urlTemplate\":\"https:\/\/www.david-diaby-medium-voyant.com\/?s={search_term_string}\"},\"query-input\":{\"@type\":\"PropertyValueSpecification\",\"valueRequired\":true,\"valueName\":\"search_term_string\"}}],\"inLanguage\":\"fr-ch\"}]}<\/script>\n<!-- \/ Yoast SEO plugin. -->","yoast_head_json":{"title":"Grand Voyant Medium - Sp\u00e9cialiste du Retour Affectif - David Diaby","description":"Je suis issue d'une longue lign\u00e9e de gu\u00e9risseurs-voyants- m\u00e9diums venant d'Afrique. Sp\u00e9cialiste retour affectif \/ retour \u00eatre aim\u00e9.","robots":{"index":"index","follow":"follow","max-snippet":"max-snippet:-1","max-image-preview":"max-image-preview:large","max-video-preview":"max-video-preview:-1"},"canonical":"https:\/\/www.david-diaby-medium-voyant.com\/ch\/","og_locale":"fr_FR","og_type":"article","og_title":"Grand Voyant Medium - Sp\u00e9cialiste du Retour Affectif - David Diaby","og_description":"Je suis issue d'une longue lign\u00e9e de gu\u00e9risseurs-voyants- m\u00e9diums venant d'Afrique. Sp\u00e9cialiste retour affectif \/ retour \u00eatre aim\u00e9.","og_url":"https:\/\/www.david-diaby-medium-voyant.com\/ch\/","og_site_name":"David Diaby Medium Voyant","article_modified_time":"2024-06-14T12:37:13+00:00","twitter_card":"summary_large_image","schema":{"@context":"https:\/\/schema.org","@graph":[{"@type":"WebPage","@id":"https:\/\/www.david-diaby-medium-voyant.com\/ch\/","url":"https:\/\/www.david-diaby-medium-voyant.com\/ch\/","name":"Grand Voyant Medium - Sp\u00e9cialiste du Retour Affectif - David Diaby","isPartOf":{"@id":"https:\/\/www.david-diaby-medium-voyant.com\/#website"},"datePublished":"2020-02-21T15:22:11+00:00","dateModified":"2024-06-14T12:37:13+00:00","description":"Je suis issue d'une longue lign\u00e9e de gu\u00e9risseurs-voyants- m\u00e9diums venant d'Afrique. Sp\u00e9cialiste retour affectif \/ retour \u00eatre aim\u00e9.","breadcrumb":{"@id":"https:\/\/www.david-diaby-medium-voyant.com\/ch\/#breadcrumb"},"inLanguage":"fr-ch","potentialAction":[{"@type":"ReadAction","target":["https:\/\/www.david-diaby-medium-voyant.com\/ch\/"]}]},{"@type":"BreadcrumbList","@id":"https:\/\/www.david-diaby-medium-voyant.com\/ch\/#breadcrumb","itemListElement":[{"@type":"ListItem","position":1,"name":"Accueil","item":"https:\/\/www.david-diaby-medium-voyant.com\/ch\/"},{"@type":"ListItem","position":2,"name":"-2811"}]},{"@type":"WebSite","@id":"https:\/\/www.david-diaby-medium-voyant.com\/#website","url":"https:\/\/www.david-diaby-medium-voyant.com\/","name":"David Diaby Medium Voyant","description":"","potentialAction":[{"@type":"SearchAction","target":{"@type":"EntryPoint","urlTemplate":"https:\/\/www.david-diaby-medium-voyant.com\/?s={search_term_string}"},"query-input":{"@type":"PropertyValueSpecification","valueRequired":true,"valueName":"search_term_string"}}],"inLanguage":"fr-ch"}]}},"_links":{"self":[{"href":"https:\/\/www.david-diaby-medium-voyant.com\/ch\/wp-json\/wp\/v2\/pages\/140","targetHints":{"allow":["GET"]}}],"collection":[{"href":"https:\/\/www.david-diaby-medium-voyant.com\/ch\/wp-json\/wp\/v2\/pages"}],"about":[{"href":"https:\/\/www.david-diaby-medium-voyant.com\/ch\/wp-json\/wp\/v2\/types\/page"}],"author":[{"embeddable":true,"href":"https:\/\/www.david-diaby-medium-voyant.com\/ch\/wp-json\/wp\/v2\/users\/1"}],"replies":[{"embeddable":true,"href":"https:\/\/www.david-diaby-medium-voyant.com\/ch\/wp-json\/wp\/v2\/comments?post=140"}],"version-history":[{"count":1,"href":"https:\/\/www.david-diaby-medium-voyant.com\/ch\/wp-json\/wp\/v2\/pages\/140\/revisions"}],"predecessor-version":[{"id":156,"href":"https:\/\/www.david-diaby-medium-voyant.com\/ch\/wp-json\/wp\/v2\/pages\/140\/revisions\/156"}],"wp:attachment":[{"href":"https:\/\/www.david-diaby-medium-voyant.com\/ch\/wp-json\/wp\/v2\/media?parent=140"}],"curies":[{"name":"wp","href":"https:\/\/api.w.org\/{rel}","templated":true}]}}